{"id":101,"date":"2016-09-06T21:37:55","date_gmt":"2016-09-06T21:37:55","guid":{"rendered":"http:\/\/www.farmacia-lusitana.com\/?page_id=101"},"modified":"2016-09-09T10:53:00","modified_gmt":"2016-09-09T10:53:00","slug":"novidades","status":"publish","type":"page","link":"https:\/\/www.farmacianormal.com\/index.php\/novidades\/","title":{"rendered":"Not\u00edcias, Novidades e Promo\u00e7\u00f5es"},"content":{"rendered":"<div class=\"be-section         clearfix\" data-headerscheme=\"background--light\" style=\" \"  ><div class=\"be-section-pad clearfix \" style=\" padding-top:90px;padding-bottom:90px;\" data-padding-top = \"90\"><div  class=\"be-row be-wrap clearfix zero-bottom \"><div  class=\"one-col column-block clearfix  no-background    \" data-animation=\"\" style=\"  \"><div class=\"be-custom-column-inner\"><div class=\"special-heading-wrap style2 align-center  be-animate scrollToFade\" data-animation=\"fadeIn\"><div class=\"special-heading\" style=\"border-width:2px; border-color: #3e5997; padding: 20px 30px ;\"><h5 class=\"special-h-tag\" style=\"color: #3e5997;\" >SIGA-NOS NO FACEBOOK<\/h5><\/div><\/div>[WD_FB id=\"2\"]<p><a href=\"https:\/\/www.facebook.com\/farmacia.perfumaria.lusitana\/\" target=\"_blank\">Visite-nos no facebook!<\/a><\/p>\n<\/div><\/div><\/div><\/div><\/div>","protected":false},"excerpt":{"rendered":"<p>SIGA-NOS NO FACEBOOK[WD_FB id=&#8221;2&#8243;]Visite-nos no facebook!<\/p>\n<p><a href=\"https:\/\/www.farmacianormal.com\/index.php\/novidades\/\" class=\"more-link style1-button\">Read More<\/a><\/p>","protected":false},"author":1,"featured_media":0,"parent":0,"menu_order":0,"comment_status":"closed","ping_status":"closed","template":"page-with-title.php","meta":[],"_links":{"self":[{"href":"https:\/\/www.farmacianormal.com\/index.php\/wp-json\/wp\/v2\/pages\/101"}],"collection":[{"href":"https:\/\/www.farmacianormal.com\/index.php\/wp-json\/wp\/v2\/pages"}],"about":[{"href":"https:\/\/www.farmacianormal.com\/index.php\/wp-json\/wp\/v2\/types\/page"}],"author":[{"embeddable":true,"href":"https:\/\/www.farmacianormal.com\/index.php\/wp-json\/wp\/v2\/users\/1"}],"replies":[{"embeddable":true,"href":"https:\/\/www.farmacianormal.com\/index.php\/wp-json\/wp\/v2\/comments?post=101"}],"version-history":[{"count":4,"href":"https:\/\/www.farmacianormal.com\/index.php\/wp-json\/wp\/v2\/pages\/101\/revisions"}],"predecessor-version":[{"id":227,"href":"https:\/\/www.farmacianormal.com\/index.php\/wp-json\/wp\/v2\/pages\/101\/revisions\/227"}],"wp:attachment":[{"href":"https:\/\/www.farmacianormal.com\/index.php\/wp-json\/wp\/v2\/media?parent=101"}],"curies":[{"name":"wp","href":"https:\/\/api.w.org\/{rel}","templated":true}]}}